{"id":66,"date":"2025-01-04T18:55:26","date_gmt":"2025-01-04T17:55:26","guid":{"rendered":"https:\/\/annacano.com\/?page_id=66"},"modified":"2025-01-04T20:26:27","modified_gmt":"2025-01-04T19:26:27","slug":"biografia","status":"publish","type":"page","link":"https:\/\/annacano.com\/?page_id=66","title":{"rendered":"biografia"},"content":{"rendered":"\n<div class=\"wp-block-cover alignfull\" style=\"padding-top:var(--wp--preset--spacing--80);padding-right:0;padding-bottom:var(--wp--preset--spacing--80);padding-left:0;min-height:1075px;aspect-ratio:unset;\"><span aria-hidden=\"true\" class=\"wp-block-cover__background has-background-dim-70 has-background-dim\" style=\"background-color:#482c39\"><\/span><img loading=\"lazy\" decoding=\"async\" width=\"2206\" height=\"1230\" class=\"wp-block-cover__image-background wp-image-58\" alt=\"\" src=\"https:\/\/annacano.com\/wp-content\/uploads\/2025\/01\/P1053821-scaled-e1736011357973.jpg\" style=\"object-position:50% 48%\" data-object-fit=\"cover\" data-object-position=\"50% 48%\" srcset=\"https:\/\/annacano.com\/wp-content\/uploads\/2025\/01\/P1053821-scaled-e1736011357973.jpg 2206w, https:\/\/annacano.com\/wp-content\/uploads\/2025\/01\/P1053821-scaled-e1736011357973-300x167.jpg 300w, https:\/\/annacano.com\/wp-content\/uploads\/2025\/01\/P1053821-scaled-e1736011357973-1024x571.jpg 1024w, https:\/\/annacano.com\/wp-content\/uploads\/2025\/01\/P1053821-scaled-e1736011357973-768x428.jpg 768w, https:\/\/annacano.com\/wp-content\/uploads\/2025\/01\/P1053821-scaled-e1736011357973-1536x856.jpg 1536w, https:\/\/annacano.com\/wp-content\/uploads\/2025\/01\/P1053821-scaled-e1736011357973-2048x1142.jpg 2048w\" sizes=\"auto, (max-width: 2206px) 100vw, 2206px\" \/><div class=\"wp-block-cover__inner-container has-global-padding is-layout-constrained wp-container-core-cover-is-layout-ead217df wp-block-cover-is-layout-constrained\">\n<p>Anna Cano es una cantautora, predicadora y autora nacida en<\/p>\n\n\n\n<p class=\"is-style-default\">Barcelona y actualmente afincada en Galicia, Espa\u00f1a, donde reside<\/p>\n\n\n\n<p>junto a su esposo y manager, V\u00edctor Montes, y su hijo, Esteban.<\/p>\n\n\n\n<p>Anna proviene de una familia dedicada al ministerio y desde muy<\/p>\n\n\n\n<p>peque\u00f1a la m\u00fasica fue una parte fundamental de su vida, iniciando<\/p>\n\n\n\n<p>su andadura ministerial a los cinco a\u00f1os, cantando junto a sus<\/p>\n\n\n\n<p>padres en diversas campa\u00f1as evangel\u00edsticas y programas radiales<\/p>\n\n\n\n<p>en Radio TV Amistad, un ministerio fundado por ello.<\/p>\n\n\n\n<p>En cuanto a su formaci\u00f3n musical, Anna se form\u00f3 durante ocho<\/p>\n\n\n\n<p>a\u00f1os con la reconocida cantante de \u00f3pera y maestra, Nuria<\/p>\n\n\n\n<p>Dom\u00e8nech (medalla de oro del Liceo de Barcelona), basando sus<\/p>\n\n\n\n<p>estudios en la \u00abT\u00e9cnica de impostaci\u00f3n de la voz por el m\u00e9todo<\/p>\n\n\n\n<p>O\u2019Neil\u00bb, lo que la ha convertido en una de las mejores voces de la<\/p>\n\n\n\n<p>m\u00fasica cristiana.<\/p>\n\n\n\n<p>Trayectoria musical:<\/p>\n\n\n\n<p>\u2022 A los trece a\u00f1os, lanz\u00f3 su primera producci\u00f3n musical<\/p>\n\n\n\n<p>llamada \u00abNo dej\u00e9is de batallar\u00bb, donde compuso varios<\/p>\n\n\n\n<p>temas.<\/p>\n\n\n\n<p>\u2022 En 1999, con solo diecisiete a\u00f1os, present\u00f3 su segundo<\/p>\n\n\n\n<p>trabajo: \u00abHuellas de Amor\u00bb.<\/p>\n\n\n\n<p>\u2022 En 2008 lanz\u00f3 su primer \u00e1lbum internacional: \u00abTe lo debo<\/p>\n\n\n\n<p>todo a ti\u00bb, el cual r\u00e1pidamente alcanz\u00f3 el primer puesto en el<\/p>\n\n\n\n<p>Top 20 de la Nueva 88.3 de Miami.<\/p>\n\n\n\n<p>\u2022 En 2012, lanz\u00f3 el EP \u00abCreer, crecer, descansar, agradecer\u00bb.<\/p>\n\n\n\n<p>\u2022 En 2016 lanz\u00f3 el \u00e1lbum: \u00abSue\u00f1os\u00bb, que incluye un<\/p>\n\n\n\n<p>destacado dueto con Ren\u00e9 Gonz\u00e1lez en \u00abMorir por Amor\u00bb.<\/p>\n\n\n\n<p>\u2022 En 2019, lanz\u00f3 \u00abDios de la Creaci\u00f3n\u00bb, su trabajo m\u00e1s<\/p>\n\n\n\n<p>congregacional hasta la fecha, producido por el reconocidoproductor brasile\u00f1o Willian Augusto, y que contiene varios<\/p>\n\n\n\n<p>duetos con la cantautora hispano-brasile\u00f1a Kesia, y el<\/p>\n\n\n\n<p>cantautor Marcos Martins.<\/p>\n\n\n\n<p>\u2022 En 2023, lanz\u00f3 su \u00faltima producci\u00f3n musical es el EP<\/p>\n\n\n\n<p>\u00abConfluencia\u00bb, que incluye cinco temas vibrantes y un<\/p>\n\n\n\n<p>mensaje actual, destacando el sonido inconfundible de las<\/p>\n\n\n\n<p>guitarras del maestro Wiso Aponte.<\/p>\n\n\n\n<p>Colaboraciones:<\/p>\n\n\n\n<p>\u2022 Programa \u00abBuenas Noticias TV\u00bb, emitido por Televisi\u00f3n<\/p>\n\n\n\n<p>Espa\u00f1ola en 2008, y en el especial navide\u00f1o del mismo<\/p>\n\n\n\n<p>programa, emitido a todo el pa\u00eds por el mismo canal en el<\/p>\n\n\n\n<p>a\u00f1o 2014.<\/p>\n\n\n\n<p>\u2022 Documental \u00abHistorias de un Sue\u00f1o\u00bb en 2010, junto a<\/p>\n\n\n\n<p>destacados artistas como Marcos Vidal y Kesia. Ese mismo<\/p>\n\n\n\n<p>a\u00f1o, comenz\u00f3 a colaborar con la ONG Compassion,<\/p>\n\n\n\n<p>visitando la India en 2012.<\/p>\n\n\n\n<p>\u2022 En diciembre de 2011, fue artista invitada por Billy Graham<\/p>\n\n\n\n<p>en el programa evangel\u00edstico \u00abMi Esperanza Espa\u00f1a\u00bb, que<\/p>\n\n\n\n<p>fue apoyado por cientos de iglesias en todo el pa\u00eds.<\/p>\n\n\n\n<p>\u2022 Invitada en diversas producciones musicales como: \u00abCanta<\/p>\n\n\n\n<p>y r\u00ede\u00bb en 2010; \u00abEl Cielo\u00bb y \u00abJes\u00fas\u00bb en 2011, y \u00abResucit\u00f3\u00bb en<\/p>\n\n\n\n<p>2015. Tambi\u00e9n colabor\u00f3 en el CD Proyecto Vivir\u00e9, dirigido<\/p>\n\n\n\n<p>por el salmista Ricardo Rodr\u00edguez, componiendo e<\/p>\n\n\n\n<p>interpretando el tema \u00abHay Esperanza\u00bb. Asimismo, Anna ha<\/p>\n\n\n\n<p>tenido la oportunidad de colaborar en duetos y proyectos<\/p>\n\n\n\n<p>con artistas como David Bea, Musiko en \u00abCaminando\u00bb, y<\/p>\n\n\n\n<p>Face2Face en \u00abComo tu hijo\u00bb.Anna tambi\u00e9n dedica parte de su tiempo a ejercer como profesora<\/p>\n\n\n\n<p>de canto y vocal coach, ayudando a formar futuras voces y<\/p>\n\n\n\n<p>ministerios, tanto de forma presencial como en l\u00ednea, profesi\u00f3n en<\/p>\n\n\n\n<p>la que cuenta con m\u00e1s de veinte a\u00f1os de experiencia. Adem\u00e1s, se<\/p>\n\n\n\n<p>destaca, desde hace m\u00e1s de diez a\u00f1os, en su labor profesional<\/p>\n\n\n\n<p>como actriz de doblaje musical, donde ha podido prestar su voz en<\/p>\n\n\n\n<p>personajes como Barbie, My Little Pony, entre otros.<\/p>\n\n\n\n<p>A d\u00eda de hoy, Anna y su esposo trabajan unidos en el ministerio,<\/p>\n\n\n\n<p>viajando por las naciones, llevando un mensaje de fe y esperanza,<\/p>\n\n\n\n<p>predicando y cantando ah\u00ed donde Dios les permite llegar.<\/p>\n\n\n\n<p>El sue\u00f1o de Anna es compartir su pasi\u00f3n por Dios, con un \u00fanico<\/p>\n\n\n\n<p>fin: \u00absembrar esperanza y acercar a Jes\u00fas a quienes la escuchen\u00bb.<\/p>\n<\/div><\/div>\n\n\n\n<p><\/p>\n","protected":false},"excerpt":{"rendered":"","protected":false},"author":1,"featured_media":0,"parent":0,"menu_order":0,"comment_status":"closed","ping_status":"closed","template":"","meta":{"footnotes":""},"class_list":["post-66","page","type-page","status-publish","hentry"],"_links":{"self":[{"href":"https:\/\/annacano.com\/index.php?rest_route=\/wp\/v2\/pages\/66","targetHints":{"allow":["GET"]}}],"collection":[{"href":"https:\/\/annacano.com\/index.php?rest_route=\/wp\/v2\/pages"}],"about":[{"href":"https:\/\/annacano.com\/index.php?rest_route=\/wp\/v2\/types\/page"}],"author":[{"embeddable":true,"href":"https:\/\/annacano.com\/index.php?rest_route=\/wp\/v2\/users\/1"}],"replies":[{"embeddable":true,"href":"https:\/\/annacano.com\/index.php?rest_route=%2Fwp%2Fv2%2Fcomments&post=66"}],"version-history":[{"count":3,"href":"https:\/\/annacano.com\/index.php?rest_route=\/wp\/v2\/pages\/66\/revisions"}],"predecessor-version":[{"id":107,"href":"https:\/\/annacano.com\/index.php?rest_route=\/wp\/v2\/pages\/66\/revisions\/107"}],"wp:attachment":[{"href":"https:\/\/annacano.com\/index.php?rest_route=%2Fwp%2Fv2%2Fmedia&parent=66"}],"curies":[{"name":"wp","href":"https:\/\/api.w.org\/{rel}","templated":true}]}}